{"id":10921,"date":"2022-05-16T14:51:44","date_gmt":"2022-05-16T12:51:44","guid":{"rendered":"http:\/\/foce.it\/dove-siamo\/"},"modified":"2023-06-05T14:52:31","modified_gmt":"2023-06-05T12:52:31","slug":"camping-village-valledoria-2","status":"publish","type":"page","link":"https:\/\/foce.it\/en\/camping-village-valledoria-2\/","title":{"rendered":"Where we are"},"content":{"rendered":"<p><div class=\"fusion-fullwidth fullwidth-box fusion-builder-row-1 fusion-flex-container banner nonhundred-percent-fullwidth non-hundred-percent-height-scrolling\" style=\"--awb-border-radius-top-left:0px;--awb-border-radius-top-right:0px;--awb-border-radius-bottom-right:0px;--awb-border-radius-bottom-left:0px;--awb-padding-right:0px;--awb-padding-left:0px;--awb-padding-right-medium:0px;--awb-padding-left-medium:0px;--awb-padding-right-small:0px;--awb-padding-left-small:0px;--awb-flex-wrap:wrap;\" ><div class=\"fusion-builder-row fusion-row fusion-flex-align-items-flex-start fusion-flex-content-wrap\" style=\"max-width:104%;margin-left: calc(-4% \/ 2 );margin-right: calc(-4% \/ 2 );\"><div class=\"fusion-layout-column fusion_builder_column fusion-builder-column-0 fusion_builder_column_1_1 1_1 fusion-flex-column\" style=\"--awb-padding-right-small:0px;--awb-padding-left-small:0px;--awb-bg-size:cover;--awb-width-large:100%;--awb-margin-top-large:0px;--awb-spacing-right-large:0px;--awb-margin-bottom-large:0px;--awb-spacing-left-large:0px;--awb-width-medium:100%;--awb-order-medium:0;--awb-margin-top-medium:0;--awb-spacing-right-medium:0px;--awb-margin-bottom-medium:0;--awb-spacing-left-medium:0px;--awb-width-small:100%;--awb-order-small:0;--awb-margin-top-small:0;--awb-spacing-right-small:0px;--awb-margin-bottom-small:0;--awb-spacing-left-small:0px;\"><div class=\"fusion-column-wrapper fusion-column-has-shadow fusion-flex-justify-content-flex-start fusion-content-layout-column\"><div class=\"fusion-image-element \" style=\"--awb-caption-title-font-family:var(--h2_typography-font-family);--awb-caption-title-font-weight:var(--h2_typography-font-weight);--awb-caption-title-font-style:var(--h2_typography-font-style);--awb-caption-title-size:var(--h2_typography-font-size);--awb-caption-title-transform:var(--h2_typography-text-transform);--awb-caption-title-line-height:var(--h2_typography-line-height);--awb-caption-title-letter-spacing:var(--h2_typography-letter-spacing);\"><span class=\" fusion-imageframe imageframe-none imageframe-1 hover-type-none w-100\"><img decoding=\"async\" width=\"1903\" height=\"1228\" title=\"1477475663795\" src=\"http:\/\/foce.it\/wp-content\/uploads\/2022\/05\/1477475663795.jpg\" alt class=\"img-responsive wp-image-10054\" srcset=\"https:\/\/foce.it\/wp-content\/uploads\/2022\/05\/1477475663795-200x129.jpg 200w, https:\/\/foce.it\/wp-content\/uploads\/2022\/05\/1477475663795-400x258.jpg 400w, https:\/\/foce.it\/wp-content\/uploads\/2022\/05\/1477475663795-600x387.jpg 600w, https:\/\/foce.it\/wp-content\/uploads\/2022\/05\/1477475663795-800x516.jpg 800w, https:\/\/foce.it\/wp-content\/uploads\/2022\/05\/1477475663795-1200x774.jpg 1200w, https:\/\/foce.it\/wp-content\/uploads\/2022\/05\/1477475663795.jpg 1903w\" sizes=\"(max-width: 640px) 100vw, 1903px\" \/><\/span><\/div><\/div><\/div><\/div><\/div><div class=\"fusion-fullwidth fullwidth-box fusion-builder-row-2 fusion-flex-container img-decor nonhundred-percent-fullwidth non-hundred-percent-height-scrolling\" style=\"--awb-border-radius-top-left:0px;--awb-border-radius-top-right:0px;--awb-border-radius-bottom-right:0px;--awb-border-radius-bottom-left:0px;--awb-padding-top:5rem;--awb-padding-right:25rem;--awb-padding-bottom:5rem;--awb-padding-left:25rem;--awb-padding-right-medium:3rem;--awb-padding-left-medium:3rem;--awb-padding-right-small:0px;--awb-padding-left-small:0px;--awb-flex-wrap:wrap;\" ><div class=\"fusion-builder-row fusion-row fusion-flex-align-items-flex-start fusion-flex-content-wrap\" style=\"max-width:104%;margin-left: calc(-4% \/ 2 );margin-right: calc(-4% \/ 2 );\"><div class=\"fusion-layout-column fusion_builder_column fusion-builder-column-1 fusion_builder_column_1_1 1_1 fusion-flex-column\" style=\"--awb-padding-right-medium:8rem;--awb-padding-left-medium:5rem;--awb-padding-right-small:1.5rem;--awb-padding-left-small:1.5rem;--awb-bg-size:cover;--awb-width-large:100%;--awb-margin-top-large:10rem;--awb-spacing-right-large:1.92%;--awb-margin-bottom-large:20px;--awb-spacing-left-large:1.92%;--awb-width-medium:100%;--awb-order-medium:0;--awb-spacing-right-medium:1.92%;--awb-spacing-left-medium:1.92%;--awb-width-small:100%;--awb-order-small:0;--awb-spacing-right-small:1.92%;--awb-spacing-left-small:1.92%;\"><div class=\"fusion-column-wrapper fusion-column-has-shadow fusion-flex-justify-content-flex-start fusion-content-layout-column\"><div class=\"fusion-text fusion-text-1\" style=\"--awb-text-transform:none;\"><div class=\"headline\">\n<h1><strong>Where<\/strong> we are<\/h1>\n<h4>Village &amp; Camping in Valledoria, Sardinia<\/h4>\n<p>Il Village Camping La Foce si trova \u00e8 a Valledoria in provincia di Sassari, a met\u00e0 strada tra le mete turistiche pi\u00f9 note e suggestive del Nord Sardegna, nel golfo dell\u2019 Asinara, a Valledoria, sulla foce del fiume Coghinas, distante 200 mt dal mare. Unica struttura ricettiva in Europa su area S.I.C., Sito d\u2019Interesse Comunitario per la salvaguardia di un\u2019ambiente incontaminato ed unico.<\/p>\n<\/div>\n<\/div><\/div><\/div><\/div><\/div><div class=\"fusion-fullwidth fullwidth-box fusion-builder-row-3 fusion-flex-container nonhundred-percent-fullwidth non-hundred-percent-height-scrolling\" style=\"--awb-border-radius-top-left:0px;--awb-border-radius-top-right:0px;--awb-border-radius-bottom-right:0px;--awb-border-radius-bottom-left:0px;--awb-padding-right:1.5rem;--awb-padding-left:1.5rem;--awb-padding-right-medium:0px;--awb-padding-left-medium:0px;--awb-flex-wrap:wrap;\" ><div class=\"fusion-builder-row fusion-row fusion-flex-align-items-flex-start fusion-flex-content-wrap\" style=\"max-width:104%;margin-left: calc(-4% \/ 2 );margin-right: calc(-4% \/ 2 );\"><div class=\"fusion-layout-column fusion_builder_column fusion-builder-column-2 fusion_builder_column_1_1 1_1 fusion-flex-column\" style=\"--awb-bg-size:cover;--awb-width-large:100%;--awb-margin-top-large:0px;--awb-spacing-right-large:0px;--awb-margin-bottom-large:20px;--awb-spacing-left-large:0px;--awb-width-medium:100%;--awb-order-medium:0;--awb-spacing-right-medium:0px;--awb-spacing-left-medium:0px;--awb-width-small:100%;--awb-order-small:0;--awb-spacing-right-small:1.92%;--awb-spacing-left-small:1.92%;\"><div class=\"fusion-column-wrapper fusion-column-has-shadow fusion-flex-justify-content-flex-start fusion-content-layout-column\"><iframe src=\"https:\/\/www.google.com\/maps\/embed?pb=!1m18!1m12!1m3!1d18329.311624511913!2d8.812485973862866!3d40.9269182987278!2m3!1f0!2f0!3f0!3m2!1i1024!2i768!4f13.1!3m3!1m2!1s0x12dc7545f5b7928f%3A0x5bf6e0035dea9277!2sLa%20Foce%20Village%26Camping!5e0!3m2!1sit!2sit!4v1685018978636!5m2!1sit!2sit\" width=\"100%\" height=\"400\" style=\"border:0;\" allowfullscreen=\"\" loading=\"lazy\" referrerpolicy=\"no-referrer-when-downgrade\"><\/iframe><\/div><\/div><div class=\"fusion-layout-column fusion_builder_column fusion-builder-column-3 fusion_builder_column_1_1 1_1 fusion-flex-column dove-siamo__info\" style=\"--awb-padding-top:4rem;--awb-padding-right:4rem;--awb-padding-bottom:4rem;--awb-padding-left:4rem;--awb-bg-color:#ffffff;--awb-bg-color-hover:#ffffff;--awb-bg-size:cover;--awb-width-large:100%;--awb-margin-top-large:0px;--awb-spacing-right-large:0px;--awb-margin-bottom-large:20px;--awb-spacing-left-large:0px;--awb-width-medium:100%;--awb-order-medium:0;--awb-spacing-right-medium:0px;--awb-spacing-left-medium:0px;--awb-width-small:100%;--awb-order-small:0;--awb-spacing-right-small:1.92%;--awb-spacing-left-small:1.92%;\"><div class=\"fusion-column-wrapper fusion-column-has-shadow fusion-flex-justify-content-flex-start fusion-content-layout-column\"><div class=\"fusion-text fusion-text-2\" style=\"--awb-text-transform:none;\"><div class=\"page-where-container__info-text\">\n<div class=\"page-where-container__info-text\">\n<h4>Village Camping La Foce coordinates for your navigator<\/h4>\n<p>40\u00b055&#8217;59.6&#8243;N 8\u00b049&#8217;02.5&#8243;E<\/p>\n<\/div>\n<div class=\"page-where-container__info-text\">\n<h4>Address<\/h4>\n<p>V. Ampurias, 110<br \/>\n07039 Valledoria &#8211; Sardegna<\/p>\n<\/div>\n<div class=\"page-where-container__info-text\">\n<h4>By Plane:<\/h4>\n<p><b>From Olbia<\/b>: airport &#8220;Costa Smeralda&#8221; is about 85km from Camping La Foce, you should follow the direction for Tempio Pausania, then follow the SS127 up to Viddalba, turn left on Santa Maria Coghinas and follow the signs for Valledoria-Camping La Foce.<br \/>\n<b>From Alghero:<\/b>\u00a0airport &#8220;Riviera del Corallo&#8221; of Alghero is about 80km from the campsite, you should follow the direction to Porto Torres, from Campanedda, and from Porto Torres to proceed through the coastal Platamona Lido up to Maritza, then follow the signs to Castelsardo, Santa Teresa di Gallura. We are located 14 km from Castelsardo.<\/p>\n<\/div>\n<div class=\"page-where-container__info-text\">\n<h4>By Boat:<\/h4>\n<p><b>From Olbia<\/b>: harbor &#8220;L&#8217;Isola Bianca&#8221; is approximately 83km from Camping La Foce, follow the direction for Tempio, then follow the SS127 up to Viddalba, turn left on Santa Maria Coghinas and follow the signs to Valledoria-Camping La Foce.<\/p>\n<p><b>From Porto Torres<\/b>: We are about 45km from the industrial port of Porto Torres, the nearest port and harbor more convenient for those arriving from Northern Italy and Europe. From Porto Torres to proceed through the coastal Platamona Lido, up to Maritza, then follow the signs to Castelsardo, Santa Teresa di Gallura. We are located 14 km from Castelsardo.<\/p>\n<\/div>\n<\/div>\n<\/div><\/div><\/div><\/div><\/div><\/p>\n","protected":false},"excerpt":{"rendered":"","protected":false},"author":5,"featured_media":0,"parent":0,"menu_order":0,"comment_status":"closed","ping_status":"closed","template":"","meta":{"footnotes":""},"acf":[],"_links":{"self":[{"href":"https:\/\/foce.it\/en\/wp-json\/wp\/v2\/pages\/10921"}],"collection":[{"href":"https:\/\/foce.it\/en\/wp-json\/wp\/v2\/pages"}],"about":[{"href":"https:\/\/foce.it\/en\/wp-json\/wp\/v2\/types\/page"}],"author":[{"embeddable":true,"href":"https:\/\/foce.it\/en\/wp-json\/wp\/v2\/users\/5"}],"replies":[{"embeddable":true,"href":"https:\/\/foce.it\/en\/wp-json\/wp\/v2\/comments?post=10921"}],"version-history":[{"count":6,"href":"https:\/\/foce.it\/en\/wp-json\/wp\/v2\/pages\/10921\/revisions"}],"predecessor-version":[{"id":11481,"href":"https:\/\/foce.it\/en\/wp-json\/wp\/v2\/pages\/10921\/revisions\/11481"}],"wp:attachment":[{"href":"https:\/\/foce.it\/en\/wp-json\/wp\/v2\/media?parent=10921"}],"curies":[{"name":"wp","href":"https:\/\/api.w.org\/{rel}","templated":true}]}}