{"id":12115,"date":"2025-12-16T16:06:57","date_gmt":"2025-12-16T15:06:57","guid":{"rendered":"https:\/\/foce.it\/secret-view-glamping\/"},"modified":"2026-02-03T16:28:57","modified_gmt":"2026-02-03T15:28:57","slug":"secret-view-glamping","status":"publish","type":"page","link":"https:\/\/foce.it\/de\/secret-view-glamping\/","title":{"rendered":"Secret View Glamping"},"content":{"rendered":"<p><div class=\"fusion-fullwidth fullwidth-box fusion-builder-row-1 fusion-flex-container banner nonhundred-percent-fullwidth non-hundred-percent-height-scrolling\" style=\"--awb-border-radius-top-left:0px;--awb-border-radius-top-right:0px;--awb-border-radius-bottom-right:0px;--awb-border-radius-bottom-left:0px;--awb-padding-right:0px;--awb-padding-left:0px;--awb-padding-right-medium:0px;--awb-padding-left-medium:0px;--awb-padding-right-small:0px;--awb-padding-left-small:0px;--awb-flex-wrap:wrap;\" ><div class=\"fusion-builder-row fusion-row fusion-flex-align-items-flex-start fusion-flex-content-wrap\" style=\"max-width:104%;margin-left: calc(-4% \/ 2 );margin-right: calc(-4% \/ 2 );\"><div class=\"fusion-layout-column fusion_builder_column fusion-builder-column-0 fusion_builder_column_1_1 1_1 fusion-flex-column\" style=\"--awb-bg-size:cover;--awb-width-large:100%;--awb-margin-top-large:0px;--awb-spacing-right-large:0px;--awb-margin-bottom-large:0px;--awb-spacing-left-large:0px;--awb-width-medium:100%;--awb-order-medium:0;--awb-spacing-right-medium:0px;--awb-spacing-left-medium:0px;--awb-width-small:100%;--awb-order-small:0;--awb-spacing-right-small:0px;--awb-spacing-left-small:0px;\"><div class=\"fusion-column-wrapper fusion-column-has-shadow fusion-flex-justify-content-flex-start fusion-content-layout-column\"><div class=\"fusion-image-element \" style=\"--awb-caption-title-font-family:var(--h2_typography-font-family);--awb-caption-title-font-weight:var(--h2_typography-font-weight);--awb-caption-title-font-style:var(--h2_typography-font-style);--awb-caption-title-size:var(--h2_typography-font-size);--awb-caption-title-transform:var(--h2_typography-text-transform);--awb-caption-title-line-height:var(--h2_typography-line-height);--awb-caption-title-letter-spacing:var(--h2_typography-letter-spacing);\"><span class=\" fusion-imageframe imageframe-none imageframe-1 hover-type-none w-100\"><img decoding=\"async\" width=\"2000\" height=\"357\" title=\"top-glamping\" src=\"https:\/\/foce.it\/wp-content\/uploads\/2025\/12\/top-glamping.jpg\" alt class=\"img-responsive wp-image-12092\" srcset=\"https:\/\/foce.it\/wp-content\/uploads\/2025\/12\/top-glamping-200x36.jpg 200w, https:\/\/foce.it\/wp-content\/uploads\/2025\/12\/top-glamping-400x71.jpg 400w, https:\/\/foce.it\/wp-content\/uploads\/2025\/12\/top-glamping-600x107.jpg 600w, https:\/\/foce.it\/wp-content\/uploads\/2025\/12\/top-glamping-800x143.jpg 800w, https:\/\/foce.it\/wp-content\/uploads\/2025\/12\/top-glamping-1200x214.jpg 1200w, https:\/\/foce.it\/wp-content\/uploads\/2025\/12\/top-glamping.jpg 2000w\" sizes=\"(max-width: 640px) 100vw, 2000px\" \/><\/span><\/div><\/div><\/div><\/div><\/div><div class=\"fusion-fullwidth fullwidth-box fusion-builder-row-2 fusion-flex-container img-decor nonhundred-percent-fullwidth non-hundred-percent-height-scrolling\" style=\"--awb-border-radius-top-left:0px;--awb-border-radius-top-right:0px;--awb-border-radius-bottom-right:0px;--awb-border-radius-bottom-left:0px;--awb-padding-top:5rem;--awb-padding-right:25rem;--awb-padding-bottom:5rem;--awb-padding-left:25rem;--awb-padding-right-medium:5rem;--awb-padding-left-medium:5rem;--awb-flex-wrap:wrap;\" ><div class=\"fusion-builder-row fusion-row fusion-flex-align-items-flex-start fusion-flex-content-wrap\" style=\"max-width:104%;margin-left: calc(-4% \/ 2 );margin-right: calc(-4% \/ 2 );\"><div class=\"fusion-layout-column fusion_builder_column fusion-builder-column-1 fusion_builder_column_1_1 1_1 fusion-flex-column\" style=\"--awb-bg-size:cover;--awb-width-large:100%;--awb-margin-top-large:10rem;--awb-spacing-right-large:1.92%;--awb-margin-bottom-large:20px;--awb-spacing-left-large:1.92%;--awb-width-medium:100%;--awb-order-medium:0;--awb-spacing-right-medium:1.92%;--awb-spacing-left-medium:1.92%;--awb-width-small:100%;--awb-order-small:0;--awb-spacing-right-small:1.92%;--awb-spacing-left-small:1.92%;\"><div class=\"fusion-column-wrapper fusion-column-has-shadow fusion-flex-justify-content-flex-start fusion-content-layout-column\"><div class=\"fusion-text fusion-text-1\" style=\"--awb-text-transform:none;\"><div class=\"headline\">\n<h1>Secret View Glamping<\/h1>\n<p data-start=\"556\" data-end=\"896\">Secret View Glamp ist ein junges Unternehmen, das sich auf hochwertige Glamping-Erlebnisse spezialisiert hat und sich an alle richtet, die den Komfort eines Hotels mit der Magie der Natur verbinden m\u00f6chten. Unsere Design-Zelte bieten gepflegte, einladende und voll ausgestattete R\u00e4ume f\u00fcr einen entspannenden und stimmungsvollen Aufenthalt.<\/p>\n<p data-start=\"898\" data-end=\"1077\">Gemeinsam mit Secret View Glamp machen wir den Aufenthalt unserer G\u00e4ste noch besonderer \u2013 eingebettet in die Natur und mit allem, was man f\u00fcr ein unvergessliches Erlebnis braucht.<\/p>\n<\/div>\n<\/div><\/div><\/div><div class=\"fusion-layout-column fusion_builder_column fusion-builder-column-2 fusion_builder_column_1_2 1_2 fusion-flex-column\" style=\"--awb-bg-size:cover;--awb-width-large:50%;--awb-margin-top-large:0px;--awb-spacing-right-large:3.84%;--awb-margin-bottom-large:20px;--awb-spacing-left-large:3.84%;--awb-width-medium:50%;--awb-order-medium:0;--awb-spacing-right-medium:3.84%;--awb-spacing-left-medium:3.84%;--awb-width-small:100%;--awb-order-small:0;--awb-spacing-right-small:1.92%;--awb-spacing-left-small:1.92%;\"><div class=\"fusion-column-wrapper fusion-column-has-shadow fusion-flex-justify-content-flex-start fusion-content-layout-column\"><ctv-product data-product-id=\"147124\" ><\/ctv-product>\n\n<script>\n    window.ctoutvert = {\n\t\tid: 2337, \n\t\tlang: 'auto', \n\t\turl: 'https:\/\/bookingpremium.secureholiday.net\/widgets\/'\n    };\n\n    (function (w, d, s, ctv, r, js, fjs) {\n        r=new XMLHttpRequest();r.open('GET',w[ctv].url+'js\/src.json');\n        r.responseType='json';r.json=true;r.send();\n        r.onload=function(){w[ctv].src=r.responseType=='json'?r.response:JSON.parse(r.response);\n        js.src=w[ctv].src[0];fjs.parentNode.insertBefore(js, fjs);}\n        js=d.createElement(s),fjs=d.getElementsByTagName(s)[0];\n        js.id='ctvwidget';js.async=1;\n    }(window, document, 'script', 'ctoutvert'));\n<\/script><\/div><\/div><div class=\"fusion-layout-column fusion_builder_column fusion-builder-column-3 fusion_builder_column_1_2 1_2 fusion-flex-column\" style=\"--awb-bg-size:cover;--awb-width-large:50%;--awb-margin-top-large:0px;--awb-spacing-right-large:3.84%;--awb-margin-bottom-large:20px;--awb-spacing-left-large:3.84%;--awb-width-medium:50%;--awb-order-medium:0;--awb-spacing-right-medium:3.84%;--awb-spacing-left-medium:3.84%;--awb-width-small:100%;--awb-order-small:0;--awb-spacing-right-small:1.92%;--awb-spacing-left-small:1.92%;\"><div class=\"fusion-column-wrapper fusion-column-has-shadow fusion-flex-justify-content-flex-start fusion-content-layout-column\"><ctv-product data-product-id=\"147125\" ><\/ctv-product>\n\n<script>\n    window.ctoutvert = {\n\t\tid: 2337, \n\t\tlang: 'auto', \n\t\turl: 'https:\/\/bookingpremium.secureholiday.net\/widgets\/'\n    };\n\n    (function (w, d, s, ctv, r, js, fjs) {\n        r=new XMLHttpRequest();r.open('GET',w[ctv].url+'js\/src.json');\n        r.responseType='json';r.json=true;r.send();\n        r.onload=function(){w[ctv].src=r.responseType=='json'?r.response:JSON.parse(r.response);\n        js.src=w[ctv].src[0];fjs.parentNode.insertBefore(js, fjs);}\n        js=d.createElement(s),fjs=d.getElementsByTagName(s)[0];\n        js.id='ctvwidget';js.async=1;\n    }(window, document, 'script', 'ctoutvert'));\n<\/script><\/div><\/div><\/div><\/div><div class=\"fusion-fullwidth fullwidth-box fusion-builder-row-3 fusion-flex-container nonhundred-percent-fullwidth non-hundred-percent-height-scrolling\" style=\"--awb-border-radius-top-left:0px;--awb-border-radius-top-right:0px;--awb-border-radius-bottom-right:0px;--awb-border-radius-bottom-left:0px;--awb-padding-right:0px;--awb-padding-left:0px;--awb-padding-right-medium:0px;--awb-padding-left-medium:0px;--awb-padding-right-small:0px;--awb-padding-left-small:0px;--awb-flex-wrap:wrap;\" ><div class=\"fusion-builder-row fusion-row fusion-flex-align-items-flex-start fusion-flex-content-wrap\" style=\"max-width:104%;margin-left: calc(-4% \/ 2 );margin-right: calc(-4% \/ 2 );\"><div class=\"fusion-layout-column fusion_builder_column fusion-builder-column-4 fusion_builder_column_1_1 1_1 fusion-flex-column\" style=\"--awb-bg-size:cover;--awb-width-large:100%;--awb-margin-top-large:0px;--awb-spacing-right-large:1.92%;--awb-margin-bottom-large:10rem;--awb-spacing-left-large:1.92%;--awb-width-medium:100%;--awb-order-medium:0;--awb-spacing-right-medium:1.92%;--awb-spacing-left-medium:1.92%;--awb-width-small:100%;--awb-order-small:0;--awb-spacing-right-small:1.92%;--awb-spacing-left-small:1.92%;\"><div class=\"fusion-column-wrapper fusion-column-has-shadow fusion-flex-justify-content-flex-start fusion-content-layout-column\"><div class=\"awb-gallery-wrapper awb-gallery-wrapper-1 button-span-no\" style=\"--more-btn-alignment:center;\" data-limit=\"4\" data-page=\"1\"><div style=\"margin:-5px;--awb-bordersize:0px;\" class=\"fusion-gallery fusion-gallery-container fusion-grid-4 fusion-columns-total-4 fusion-gallery-layout-grid fusion-gallery-1\"><div style=\"padding:5px;\" class=\"fusion-grid-column fusion-gallery-column fusion-gallery-column-4 hover-type-none\"><div class=\"fusion-gallery-image\"><a href=\"https:\/\/foce.it\/wp-content\/uploads\/2026\/02\/glamping-5.jpg\" rel=\"noreferrer\" data-rel=\"iLightbox[gallery_image_1]\" class=\"fusion-lightbox\" target=\"_self\"><img decoding=\"async\" src=\"https:\/\/foce.it\/wp-content\/uploads\/2026\/02\/glamping-5.jpg\" width=\"1536\" height=\"1024\" alt=\"\" title=\"glamping (5)\" aria-label=\"glamping (5)\" class=\"img-responsive wp-image-12139\" srcset=\"https:\/\/foce.it\/wp-content\/uploads\/2026\/02\/glamping-5-200x133.jpg 200w, https:\/\/foce.it\/wp-content\/uploads\/2026\/02\/glamping-5-400x267.jpg 400w, https:\/\/foce.it\/wp-content\/uploads\/2026\/02\/glamping-5-600x400.jpg 600w, https:\/\/foce.it\/wp-content\/uploads\/2026\/02\/glamping-5-800x533.jpg 800w, https:\/\/foce.it\/wp-content\/uploads\/2026\/02\/glamping-5-1200x800.jpg 1200w, https:\/\/foce.it\/wp-content\/uploads\/2026\/02\/glamping-5.jpg 1536w\" sizes=\"(min-width: 2200px) 100vw, (min-width: 856px) 476px, (min-width: 784px) 635px, (min-width: 712px) 784px, (min-width: 640px) 712px, \" \/><\/a><\/div><\/div><div style=\"padding:5px;\" class=\"fusion-grid-column fusion-gallery-column fusion-gallery-column-4 hover-type-none\"><div class=\"fusion-gallery-image\"><a href=\"https:\/\/foce.it\/wp-content\/uploads\/2026\/02\/glamping-8.jpg\" rel=\"noreferrer\" data-rel=\"iLightbox[gallery_image_1]\" class=\"fusion-lightbox\" target=\"_self\"><img decoding=\"async\" src=\"https:\/\/foce.it\/wp-content\/uploads\/2026\/02\/glamping-8.jpg\" width=\"1536\" height=\"1024\" alt=\"\" title=\"glamping (8)\" aria-label=\"glamping (8)\" class=\"img-responsive wp-image-12143\" srcset=\"https:\/\/foce.it\/wp-content\/uploads\/2026\/02\/glamping-8-200x133.jpg 200w, https:\/\/foce.it\/wp-content\/uploads\/2026\/02\/glamping-8-400x267.jpg 400w, https:\/\/foce.it\/wp-content\/uploads\/2026\/02\/glamping-8-600x400.jpg 600w, https:\/\/foce.it\/wp-content\/uploads\/2026\/02\/glamping-8-800x533.jpg 800w, https:\/\/foce.it\/wp-content\/uploads\/2026\/02\/glamping-8-1200x800.jpg 1200w, https:\/\/foce.it\/wp-content\/uploads\/2026\/02\/glamping-8.jpg 1536w\" sizes=\"(min-width: 2200px) 100vw, (min-width: 856px) 476px, (min-width: 784px) 635px, (min-width: 712px) 784px, (min-width: 640px) 712px, \" \/><\/a><\/div><\/div><div style=\"padding:5px;\" class=\"fusion-grid-column fusion-gallery-column fusion-gallery-column-4 hover-type-none\"><div class=\"fusion-gallery-image\"><a href=\"https:\/\/foce.it\/wp-content\/uploads\/2026\/02\/glamping-9.jpg\" rel=\"noreferrer\" data-rel=\"iLightbox[gallery_image_1]\" class=\"fusion-lightbox\" target=\"_self\"><img decoding=\"async\" src=\"https:\/\/foce.it\/wp-content\/uploads\/2026\/02\/glamping-9.jpg\" width=\"1536\" height=\"1024\" alt=\"\" title=\"glamping (9)\" aria-label=\"glamping (9)\" class=\"img-responsive wp-image-12147\" srcset=\"https:\/\/foce.it\/wp-content\/uploads\/2026\/02\/glamping-9-200x133.jpg 200w, https:\/\/foce.it\/wp-content\/uploads\/2026\/02\/glamping-9-400x267.jpg 400w, https:\/\/foce.it\/wp-content\/uploads\/2026\/02\/glamping-9-600x400.jpg 600w, https:\/\/foce.it\/wp-content\/uploads\/2026\/02\/glamping-9-800x533.jpg 800w, https:\/\/foce.it\/wp-content\/uploads\/2026\/02\/glamping-9-1200x800.jpg 1200w, https:\/\/foce.it\/wp-content\/uploads\/2026\/02\/glamping-9.jpg 1536w\" sizes=\"(min-width: 2200px) 100vw, (min-width: 856px) 476px, (min-width: 784px) 635px, (min-width: 712px) 784px, (min-width: 640px) 712px, \" \/><\/a><\/div><\/div><div style=\"padding:5px;\" class=\"fusion-grid-column fusion-gallery-column fusion-gallery-column-4 hover-type-none\"><div class=\"fusion-gallery-image\"><a href=\"https:\/\/foce.it\/wp-content\/uploads\/2026\/02\/glamping-6.jpg\" rel=\"noreferrer\" data-rel=\"iLightbox[gallery_image_1]\" class=\"fusion-lightbox\" target=\"_self\"><img decoding=\"async\" src=\"https:\/\/foce.it\/wp-content\/uploads\/2026\/02\/glamping-6.jpg\" width=\"1536\" height=\"1024\" alt=\"\" title=\"glamping (6)\" aria-label=\"glamping (6)\" class=\"img-responsive wp-image-12151\" srcset=\"https:\/\/foce.it\/wp-content\/uploads\/2026\/02\/glamping-6-200x133.jpg 200w, https:\/\/foce.it\/wp-content\/uploads\/2026\/02\/glamping-6-400x267.jpg 400w, https:\/\/foce.it\/wp-content\/uploads\/2026\/02\/glamping-6-600x400.jpg 600w, https:\/\/foce.it\/wp-content\/uploads\/2026\/02\/glamping-6-800x533.jpg 800w, https:\/\/foce.it\/wp-content\/uploads\/2026\/02\/glamping-6-1200x800.jpg 1200w, https:\/\/foce.it\/wp-content\/uploads\/2026\/02\/glamping-6.jpg 1536w\" sizes=\"(min-width: 2200px) 100vw, (min-width: 856px) 476px, (min-width: 784px) 635px, (min-width: 712px) 784px, (min-width: 640px) 712px, \" \/><\/a><\/div><\/div><div class=\"clearfix\"><\/div><\/div><\/div><\/div><\/div><\/div><\/div><\/p>\n","protected":false},"excerpt":{"rendered":"","protected":false},"author":5,"featured_media":0,"parent":0,"menu_order":0,"comment_status":"closed","ping_status":"closed","template":"","meta":{"footnotes":""},"acf":[],"_links":{"self":[{"href":"https:\/\/foce.it\/de\/wp-json\/wp\/v2\/pages\/12115"}],"collection":[{"href":"https:\/\/foce.it\/de\/wp-json\/wp\/v2\/pages"}],"about":[{"href":"https:\/\/foce.it\/de\/wp-json\/wp\/v2\/types\/page"}],"author":[{"embeddable":true,"href":"https:\/\/foce.it\/de\/wp-json\/wp\/v2\/users\/5"}],"replies":[{"embeddable":true,"href":"https:\/\/foce.it\/de\/wp-json\/wp\/v2\/comments?post=12115"}],"version-history":[{"count":3,"href":"https:\/\/foce.it\/de\/wp-json\/wp\/v2\/pages\/12115\/revisions"}],"predecessor-version":[{"id":12185,"href":"https:\/\/foce.it\/de\/wp-json\/wp\/v2\/pages\/12115\/revisions\/12185"}],"wp:attachment":[{"href":"https:\/\/foce.it\/de\/wp-json\/wp\/v2\/media?parent=12115"}],"curies":[{"name":"wp","href":"https:\/\/api.w.org\/{rel}","templated":true}]}}