{"id":10886,"date":"2022-05-17T09:55:46","date_gmt":"2022-05-17T07:55:46","guid":{"rendered":"http:\/\/foce.it\/campeggio\/"},"modified":"2023-06-05T14:24:56","modified_gmt":"2023-06-05T12:24:56","slug":"campingplatz-nord-sardinien","status":"publish","type":"page","link":"https:\/\/foce.it\/de\/campingplatz-nord-sardinien\/","title":{"rendered":"Camping"},"content":{"rendered":"<p><div class=\"fusion-fullwidth fullwidth-box fusion-builder-row-1 fusion-flex-container banner nonhundred-percent-fullwidth non-hundred-percent-height-scrolling\" style=\"--awb-border-radius-top-left:0px;--awb-border-radius-top-right:0px;--awb-border-radius-bottom-right:0px;--awb-border-radius-bottom-left:0px;--awb-padding-right:0px;--awb-padding-left:0px;--awb-padding-right-medium:0px;--awb-padding-left-medium:0px;--awb-padding-right-small:0px;--awb-padding-left-small:0px;--awb-flex-wrap:wrap;\" ><div class=\"fusion-builder-row fusion-row fusion-flex-align-items-flex-start fusion-flex-content-wrap\" style=\"max-width:104%;margin-left: calc(-4% \/ 2 );margin-right: calc(-4% \/ 2 );\"><div class=\"fusion-layout-column fusion_builder_column fusion-builder-column-0 fusion_builder_column_1_1 1_1 fusion-flex-column\" style=\"--awb-bg-size:cover;--awb-width-large:100%;--awb-margin-top-large:0px;--awb-spacing-right-large:0px;--awb-margin-bottom-large:0px;--awb-spacing-left-large:0px;--awb-width-medium:100%;--awb-order-medium:0;--awb-spacing-right-medium:0px;--awb-spacing-left-medium:0px;--awb-width-small:100%;--awb-order-small:0;--awb-spacing-right-small:0px;--awb-spacing-left-small:0px;\"><div class=\"fusion-column-wrapper fusion-column-has-shadow fusion-flex-justify-content-flex-start fusion-content-layout-column\"><div class=\"fusion-image-element \" style=\"--awb-caption-title-font-family:var(--h2_typography-font-family);--awb-caption-title-font-weight:var(--h2_typography-font-weight);--awb-caption-title-font-style:var(--h2_typography-font-style);--awb-caption-title-size:var(--h2_typography-font-size);--awb-caption-title-transform:var(--h2_typography-text-transform);--awb-caption-title-line-height:var(--h2_typography-line-height);--awb-caption-title-letter-spacing:var(--h2_typography-letter-spacing);\"><span class=\" fusion-imageframe imageframe-none imageframe-1 hover-type-none w-100\"><img decoding=\"async\" width=\"1903\" height=\"1228\" title=\"1477403733167\" src=\"http:\/\/foce.it\/wp-content\/uploads\/2022\/05\/1477403733167.jpg\" alt class=\"img-responsive wp-image-10859\" srcset=\"https:\/\/foce.it\/wp-content\/uploads\/2022\/05\/1477403733167-200x129.jpg 200w, https:\/\/foce.it\/wp-content\/uploads\/2022\/05\/1477403733167-400x258.jpg 400w, https:\/\/foce.it\/wp-content\/uploads\/2022\/05\/1477403733167-600x387.jpg 600w, https:\/\/foce.it\/wp-content\/uploads\/2022\/05\/1477403733167-800x516.jpg 800w, https:\/\/foce.it\/wp-content\/uploads\/2022\/05\/1477403733167-1200x774.jpg 1200w, https:\/\/foce.it\/wp-content\/uploads\/2022\/05\/1477403733167.jpg 1903w\" sizes=\"(max-width: 640px) 100vw, 1903px\" \/><\/span><\/div><\/div><\/div><\/div><\/div><div class=\"fusion-fullwidth fullwidth-box fusion-builder-row-2 fusion-flex-container img-decor nonhundred-percent-fullwidth non-hundred-percent-height-scrolling\" style=\"--awb-border-radius-top-left:0px;--awb-border-radius-top-right:0px;--awb-border-radius-bottom-right:0px;--awb-border-radius-bottom-left:0px;--awb-padding-top:5rem;--awb-padding-right:25rem;--awb-padding-bottom:5rem;--awb-padding-left:25rem;--awb-padding-right-medium:5rem;--awb-padding-left-medium:5rem;--awb-padding-right-small:0px;--awb-padding-left-small:0px;--awb-flex-wrap:wrap;\" ><div class=\"fusion-builder-row fusion-row fusion-flex-align-items-flex-start fusion-flex-justify-content-center fusion-flex-content-wrap\" style=\"max-width:104%;margin-left: calc(-4% \/ 2 );margin-right: calc(-4% \/ 2 );\"><div class=\"fusion-layout-column fusion_builder_column fusion-builder-column-1 fusion_builder_column_1_1 1_1 fusion-flex-column\" style=\"--awb-bg-size:cover;--awb-width-large:100%;--awb-margin-top-large:10rem;--awb-spacing-right-large:1.92%;--awb-margin-bottom-large:20px;--awb-spacing-left-large:1.92%;--awb-width-medium:100%;--awb-order-medium:0;--awb-spacing-right-medium:1.92%;--awb-spacing-left-medium:1.92%;--awb-width-small:100%;--awb-order-small:0;--awb-spacing-right-small:1.92%;--awb-spacing-left-small:1.92%;\"><div class=\"fusion-column-wrapper fusion-column-has-shadow fusion-flex-justify-content-flex-start fusion-content-layout-column\"><div class=\"fusion-text fusion-text-1\" style=\"--awb-text-transform:none;\"><div class=\"headline\">\n<h1>Campingplatz<\/h1>\n<h4>Urlaub zwischen Meer, Entspannung und Spass<\/h4>\n<p>Der einzige Campingplatz in Europa auf SIC-Bereich (Site of Community Interest). Der Village\/Camping La Foce ist das ideale Ziel f\u00fcr alle die einen Urlaub zwischen Meer, Entspannung und Spass in engem Kontakt mit der Natur verbringen m\u00f6chten.<\/p>\n<p>La Foce liegt in einer nat\u00fcrlichen einzigartigen Umgebung, wo sich der Fluss und das Meer aufeinander treffen und die weitestgehende D\u00fcne n\u00f6rdlich von Sardinien und einen seltenen Lebensraum erschaffen. La Foce ist ein umweltfreundlicher Campingplatz: sorgf\u00e4ltig respektieren wir die Natur, die uns umgibt; wir produzieren 70 Prozent unseres Bedarfs f\u00fcr Warmwasser und Strom mit Solarenergie; begleiten die G\u00e4ste mit elektrischen Golfcars und das Boot, das Sie zum Strand bringt, bietet die neueste Generation von Motoren mit geringe Umweltbelastung.<\/p>\n<p>Unsere Camping-G\u00e4ste haben die M\u00f6glichkeit, eine grosse Auswahl von verschiedenen Stellpl\u00e4tzen anzusehen und diejenige, die am besten ihren Bed\u00fcrfnissen entspricht, zu w\u00e4hlen. Wir haben verschiedene Arte von Stellpl\u00e4tzen: von diejenigen neben dem Pool bis zu diejenigen die ein Maximum an Privatsph\u00e4re gew\u00e4hrleisten: alle in einer fantastischen Welt von Eukalyptus. Sie sind mit elektrischem Anschluss und in der N\u00e4he der Sanit\u00e4ranlagen mit warmen Duschen ausgestattet.<br \/>\nIn den Kosten der Stellpl\u00e4tze ist der \u00fcberdachte Parkplatz f\u00fcr Auto oder Motorrad inbegriffen. Dar\u00fcber hinaus k\u00f6nnen unsere G\u00e4ste den kostenlosen Camper-Service benutzen.<br \/>\nVerbringen Sie Ihren Urlaub bei uns&#8230; wir werden versuchen, Ihre Bed\u00fcrfnisse mit den zahlreichen Dienstleistungen und unsere Bereitschaft zu erf\u00fcllen.<\/p>\n<\/div>\n<\/div><div class=\"fusion-separator fusion-full-width-sep\" style=\"align-self: center;margin-left: auto;margin-right: auto;margin-top:50px;width:100%;\"><\/div><\/div><\/div><div class=\"fusion-layout-column fusion_builder_column fusion-builder-column-2 fusion_builder_column_3_4 3_4 fusion-flex-column\" style=\"--awb-bg-size:cover;--awb-width-large:75%;--awb-margin-top-large:0px;--awb-spacing-right-large:2.56%;--awb-margin-bottom-large:20px;--awb-spacing-left-large:2.56%;--awb-width-medium:75%;--awb-order-medium:0;--awb-spacing-right-medium:2.56%;--awb-spacing-left-medium:2.56%;--awb-width-small:100%;--awb-order-small:0;--awb-spacing-right-small:1.92%;--awb-spacing-left-small:1.92%;\"><div class=\"fusion-column-wrapper fusion-column-has-shadow fusion-flex-justify-content-flex-start fusion-content-layout-column\"><div class=\"fusion-text fusion-text-2\" style=\"--awb-content-alignment:center;--awb-text-transform:none;\"><h4 style=\"color: #64bad1;\">Unsere Unterk\u00fcnfte<\/h4>\n<\/div><ctv-product data-product-id=\"16608\" ><\/ctv-product>\n\n<script>\n    window.ctoutvert = {\n\t\tid: 2337, \n\t\tlang: 'de', \n\t\turl: 'https:\/\/bookingpremium.secureholiday.net\/widgets\/'\n    };\n\n    (function (w, d, s, ctv, r, js, fjs) {\n        r=new XMLHttpRequest();r.open('GET',w[ctv].url+'js\/src.json');\n        r.responseType='json';r.json=true;r.send();\n        r.onload=function(){w[ctv].src=r.responseType=='json'?r.response:JSON.parse(r.response);\n        js.src=w[ctv].src[0];fjs.parentNode.insertBefore(js, fjs);}\n        js=d.createElement(s),fjs=d.getElementsByTagName(s)[0];\n        js.id='ctvwidget';js.async=1;\n    }(window, document, 'script', 'ctoutvert'));\n<\/script><\/div><\/div><\/div><\/div><div class=\"fusion-fullwidth fullwidth-box fusion-builder-row-3 fusion-flex-container nonhundred-percent-fullwidth non-hundred-percent-height-scrolling\" style=\"--awb-border-radius-top-left:0px;--awb-border-radius-top-right:0px;--awb-border-radius-bottom-right:0px;--awb-border-radius-bottom-left:0px;--awb-padding-right:0px;--awb-padding-left:0px;--awb-flex-wrap:wrap;\" ><div class=\"fusion-builder-row fusion-row fusion-flex-align-items-flex-start fusion-flex-content-wrap\" style=\"max-width:104%;margin-left: calc(-4% \/ 2 );margin-right: calc(-4% \/ 2 );\"><div class=\"fusion-layout-column fusion_builder_column fusion-builder-column-3 fusion_builder_column_1_1 1_1 fusion-flex-column\" style=\"--awb-bg-size:cover;--awb-width-large:100%;--awb-margin-top-large:0px;--awb-spacing-right-large:0px;--awb-margin-bottom-large:20px;--awb-spacing-left-large:0px;--awb-width-medium:100%;--awb-order-medium:0;--awb-spacing-right-medium:0px;--awb-spacing-left-medium:0px;--awb-width-small:100%;--awb-order-small:0;--awb-spacing-right-small:0px;--awb-spacing-left-small:0px;\"><div class=\"fusion-column-wrapper fusion-column-has-shadow fusion-flex-justify-content-flex-start fusion-content-layout-column\"><div ><a class=\"fusion-button button-flat fusion-button-default-size button-default fusion-button-default button-1 fusion-button-default-span fusion-button-default-type btn btn-brown btn-full\" style=\"--button-border-radius-top-left:0;--button-border-radius-top-right:0;--button-border-radius-bottom-right:0;--button-border-radius-bottom-left:0;\" target=\"_self\" href=\"\/de\/foto-video\/\"><span class=\"fusion-button-text\">Bildgalerie<\/span><\/a><\/div><\/div><\/div><\/div><\/div><div class=\"fusion-fullwidth fullwidth-box fusion-builder-row-4 fusion-flex-container nonhundred-percent-fullwidth non-hundred-percent-height-scrolling\" style=\"--awb-border-radius-top-left:0px;--awb-border-radius-top-right:0px;--awb-border-radius-bottom-right:0px;--awb-border-radius-bottom-left:0px;--awb-margin-top:5rem;--awb-margin-bottom:5rem;--awb-flex-wrap:wrap;\" ><div class=\"fusion-builder-row fusion-row fusion-flex-align-items-flex-start fusion-flex-content-wrap\" style=\"max-width:104%;margin-left: calc(-4% \/ 2 );margin-right: calc(-4% \/ 2 );\"><div class=\"fusion-layout-column fusion_builder_column fusion-builder-column-4 fusion_builder_column_1_1 1_1 fusion-flex-column\" style=\"--awb-padding-right-small:0px;--awb-padding-left-small:0px;--awb-bg-size:cover;--awb-width-large:100%;--awb-margin-top-large:0px;--awb-spacing-right-large:1.92%;--awb-margin-bottom-large:20px;--awb-spacing-left-large:1.92%;--awb-width-medium:100%;--awb-order-medium:0;--awb-spacing-right-medium:1.92%;--awb-spacing-left-medium:1.92%;--awb-width-small:100%;--awb-order-small:0;--awb-spacing-right-small:1.92%;--awb-spacing-left-small:1.92%;\"><div class=\"fusion-column-wrapper fusion-column-has-shadow fusion-flex-justify-content-flex-end fusion-content-layout-column\"><div class=\"fusion-sharing-box fusion-sharing-box-1 has-taglines layout-floated layout-medium-floated layout-small-floated\" style=\"background-color:var(--awb-color2);border-color:#cccccc;--awb-margin-top:0px;--awb-margin-right:0px;--awb-margin-bottom:0px;--awb-margin-left:0px;--awb-separator-border-color:#cccccc;--awb-separator-border-sizes:0px;--awb-layout:row;--awb-alignment-small:flex-end;--awb-stacked-align-small:center;\" data-title=\"Camping\" data-description=\"Campingplatz\r\nUrlaub zwischen Meer, Entspannung und Spass\r\nDer einzige Campingplatz in Europa auf SIC-Bereich (Site of Community Interest). Der Village\/Camping La Foce ist das ideale Ziel f\u00fcr alle die einen Urlaub zwischen Meer, Entspannung und Spass in engem Kontakt mit der Natur verbringen m\u00f6chten.\r\n\r\nLa Foce liegt in einer nat\u00fcrlichen einzigartigen Umgebung, wo sich\" data-link=\"https:\/\/foce.it\/de\/campingplatz-nord-sardinien\/\"><h4 class=\"tagline\" style=\"color:var(--awb-color8);\">Teilen bei:<\/h4><div class=\"fusion-social-networks sharingbox-shortcode-icon-wrapper sharingbox-shortcode-icon-wrapper-1\"><span><a href=\"https:\/\/www.facebook.com\/sharer.php?u=https%3A%2F%2Ffoce.it%2Fde%2Fcampingplatz-nord-sardinien%2F&amp;t=Camping\" target=\"_blank\" rel=\"noreferrer\" title=\"Facebook\" aria-label=\"Facebook\" data-placement=\"top\" data-toggle=\"tooltip\" data-title=\"Facebook\"><i class=\"fusion-social-network-icon fusion-tooltip fusion-facebook awb-icon-facebook\" style=\"color:#3b5998;\" aria-hidden=\"true\"><\/i><\/a><\/span><span><a href=\"https:\/\/twitter.com\/share?text=Camping&amp;url=https%3A%2F%2Ffoce.it%2Fde%2Fcampingplatz-nord-sardinien%2F\" target=\"_blank\" rel=\"noopener noreferrer\" title=\"Twitter\" aria-label=\"Twitter\" data-placement=\"top\" data-toggle=\"tooltip\" data-title=\"Twitter\"><i class=\"fusion-social-network-icon fusion-tooltip fusion-twitter awb-icon-twitter\" style=\"color:#000000;\" aria-hidden=\"true\"><\/i><\/a><\/span><\/div><\/div><\/div><\/div><\/div><\/div><\/p>\n","protected":false},"excerpt":{"rendered":"","protected":false},"author":5,"featured_media":0,"parent":0,"menu_order":0,"comment_status":"closed","ping_status":"closed","template":"","meta":{"footnotes":""},"acf":[],"_links":{"self":[{"href":"https:\/\/foce.it\/de\/wp-json\/wp\/v2\/pages\/10886"}],"collection":[{"href":"https:\/\/foce.it\/de\/wp-json\/wp\/v2\/pages"}],"about":[{"href":"https:\/\/foce.it\/de\/wp-json\/wp\/v2\/types\/page"}],"author":[{"embeddable":true,"href":"https:\/\/foce.it\/de\/wp-json\/wp\/v2\/users\/5"}],"replies":[{"embeddable":true,"href":"https:\/\/foce.it\/de\/wp-json\/wp\/v2\/comments?post=10886"}],"version-history":[{"count":8,"href":"https:\/\/foce.it\/de\/wp-json\/wp\/v2\/pages\/10886\/revisions"}],"predecessor-version":[{"id":11764,"href":"https:\/\/foce.it\/de\/wp-json\/wp\/v2\/pages\/10886\/revisions\/11764"}],"wp:attachment":[{"href":"https:\/\/foce.it\/de\/wp-json\/wp\/v2\/media?parent=10886"}],"curies":[{"name":"wp","href":"https:\/\/api.w.org\/{rel}","templated":true}]}}